{"id":3002,"date":"2023-10-23T21:47:26","date_gmt":"2023-10-23T21:47:26","guid":{"rendered":"https:\/\/firmawinery.com\/?page_id=3002"},"modified":"2024-08-31T11:25:17","modified_gmt":"2024-08-31T11:25:17","slug":"distributors","status":"publish","type":"page","link":"https:\/\/firmawinery.com\/en\/distributors\/","title":{"rendered":"Distributors"},"content":{"rendered":"<section class=\"wpb-content-wrapper\"><div class=\"vc_row wpb_row vc_row-fluid vc_custom_1707502545496\"><div class=\"wpb_column vc_column_container vc_col-sm-12\"><div class=\"vc_column-inner\"><div class=\"wpb_wrapper\">\n\t<div class=\"title-subtitle-box\" style=\" text-align: center;\">\n\t\t<p  style=\"\">Distributors<\/p>\n\t\t<h2 style=\" font-style: normal;\">National<\/h2>\n\t<\/div> <div class=\"vc_row wpb_row vc_inner vc_row-fluid\"><div class=\"wpb_column vc_column_container vc_col-sm-3\"><div class=\"vc_column-inner\"><div class=\"wpb_wrapper\">\n\t<div class=\"txt_distributors\">\n\t\t<h1>WineExpert &amp; Gourmet<\/h1>\n\t\t<div class=\"txt_address\" ><p>F\u00f3rum Terceira, Avenida Pa\u00e7o do Milhafre<br \/>\nPraia da Vit\u00f3ria, A\u00e7ores<\/p>\n<\/div>\n\t\t<p><i class=\"fas fa-phone-square\"><\/i>(+351) 910288667<\/br>(Call to national fixed network)<\/p>\n\t\t<p ><i class=\"fas fa-envelope-open-text\"><\/i>apoiocliente@wineexpert.pt<\/p>\n\t<p ><i class=\"fas fa-globe\"><\/i><a href=\"https:\/\/wineexpert.pt\/\"target=\"blank\">https:\/\/wineexpert.pt\/<\/a><\/p>\n\t<\/div> <\/div><\/div><\/div><div class=\"wpb_column vc_column_container vc_col-sm-3\"><div class=\"vc_column-inner\"><div class=\"wpb_wrapper\">\n\t<div class=\"txt_distributors\">\n\t\t<h1>Stbaga<\/h1>\n\t\t<div class=\"txt_address\" ><p>Praceta Germano Madeira n\u00ba29<br \/>\n2910-511 Set\u00fabal<\/p>\n<\/div>\n\t\t<p><i class=\"fas fa-phone-square\"><\/i>(+351) 969 141 901<\/br>(Call to national fixed network)<\/p>\n\t\t<p ><i class=\"fas fa-envelope-open-text\"><\/i>stbaga@hotmail.com<\/p>\n\t<\/div> <\/div><\/div><\/div><div class=\"wpb_column vc_column_container vc_col-sm-3\"><div class=\"vc_column-inner\"><div class=\"wpb_wrapper\">\n\t<div class=\"txt_distributors\">\n\t\t<h1>Belacasta<\/h1>\n\t\t<div class=\"txt_address\" ><p>PRA\u00c7A DAVID MOUR\u00c3O FERREIRA, 316 2\u00baDTO.<br \/>\nS\u00c3O DOMINGOS DE RANA 2785-720<\/p>\n<\/div>\n\t\t<p><i class=\"fas fa-phone-square\"><\/i>(+351) 917 886 372<\/br>(Call to national fixed network)<\/p>\n\t\t<p ><i class=\"fas fa-envelope-open-text\"><\/i>garrafeirabelacasta@gmail.com<\/p>\n\t<\/div> <\/div><\/div><\/div><div class=\"wpb_column vc_column_container vc_col-sm-3\"><div class=\"vc_column-inner\"><div class=\"wpb_wrapper\">\n\t<div class=\"txt_distributors\">\n\t\t<h1>Estado L\u00edquido, Wines &amp; Spitirs<\/h1>\n\t\t<div class=\"txt_address\" ><p>Zona Industrial A, Rua dos Brejinhos &#8211; N\u00ba 17<br \/>\n2500-917 Caldas da Rainha<\/p>\n<\/div>\n\t\t<p><i class=\"fas fa-phone-square\"><\/i>262 844 478 \/ 914 554 636<\/br>(Call to national fixed network)<\/p>\n\t\t<p ><i class=\"fas fa-envelope-open-text\"><\/i>online@estadoliquido.pt<\/p>\n\t<\/div> <\/div><\/div><\/div><\/div><div class=\"vc_row wpb_row vc_inner vc_row-fluid vc_custom_1700078868959\"><div class=\"wpb_column vc_column_container vc_col-sm-3\"><div class=\"vc_column-inner\"><div class=\"wpb_wrapper\">\n\t<div class=\"txt_distributors\">\n\t\t<h1>Cave Lusa, Lda.<\/h1>\n\t\t<div class=\"txt_address\" ><p>S\u00edtio da Manhosa,<br \/>\nPavilh\u00e3o 2\/3 Ranhados<br \/>\n3500-631 Viseu<\/p>\n<\/div>\n\t\t<p><i class=\"fas fa-phone-square\"><\/i>(+351) 232 471 535<\/br>(Call to national fixed network)<\/p>\n\t\t<p ><i class=\"fas fa-envelope-open-text\"><\/i>online@cavelusa.pt<\/p>\n\t<\/div> <\/div><\/div><\/div><div class=\"wpb_column vc_column_container vc_col-sm-3\"><div class=\"vc_column-inner\"><div class=\"wpb_wrapper\">\n\t<div class=\"txt_distributors\">\n\t\t<h1>Why Not Wine<\/h1>\n\t\t<div class=\"txt_address\" ><p>Centro Comercial da Loja 53 (1\u00ba andar)<br \/>\n2685-223 Loures<\/p>\n<\/div>\n\t\t<p><i class=\"fas fa-phone-square\"><\/i>(+351) 961 350 775<\/br>(Call to national fixed network)<\/p>\n\t\t<p ><i class=\"fas fa-envelope-open-text\"><\/i>lojadovinhoportela@gmail.com<\/p>\n\t<\/div> <\/div><\/div><\/div><div class=\"wpb_column vc_column_container vc_col-sm-3\"><div class=\"vc_column-inner\"><div class=\"wpb_wrapper\">\n\t<div class=\"txt_distributors\">\n\t\t<h1>Casa Gourmet<\/h1>\n\t\t<div class=\"txt_address\" ><p>R. Manuel Saraiva Brand\u00e3o 217<br \/>\n4820-242 Guimar\u00e3es<\/p>\n<\/div>\n\t\t<p><i class=\"fas fa-phone-square\"><\/i>(+351) 253 516 841<\/br>(Call to national fixed network)<\/p>\n\t\t<p ><i class=\"fas fa-envelope-open-text\"><\/i>info@casagourmet.pt<\/p>\n\t<p ><i class=\"fas fa-globe\"><\/i><a href=\"https:\/\/www.casagourmet.pt\/\"target=\"blank\">https:\/\/www.casagourmet.pt\/<\/a><\/p>\n\t<\/div> <\/div><\/div><\/div><div class=\"wpb_column vc_column_container vc_col-sm-3\"><div class=\"vc_column-inner\"><div class=\"wpb_wrapper\">\n\t<div class=\"txt_distributors\">\n\t\t<h1>Alpha Wines<\/h1>\n\t\t<div class=\"txt_address\" ><p>Edif\u00edcio Monumental Palace II, R. do Vale da Ajuda loja 102<br \/>\n9000-116 Funchal<\/p>\n<\/div>\n\t\t<p><i class=\"fas fa-phone-square\"><\/i>+351 291 656 908<\/br>(Call to national fixed network)<\/p>\n\t\t<p ><i class=\"fas fa-envelope-open-text\"><\/i><\/p>\n\t<p ><i class=\"fas fa-globe\"><\/i><a href=\"https:\/\/alphawines.pt\/\"target=\"blank\">https:\/\/alphawines.pt\/<\/a><\/p>\n\t<\/div> <\/div><\/div><\/div><\/div><\/div><\/div><\/div><\/div><div data-vc-full-width=\"true\" data-vc-full-width-init=\"false\" class=\"vc_row wpb_row vc_row-fluid vc_custom_1707502677581 vc_row-has-fill\"><div class=\"wpb_column vc_column_container vc_col-sm-12\"><div class=\"vc_column-inner\"><div class=\"wpb_wrapper\">\n\t<div class=\"title-subtitle-box  vc_custom_1704300770726\" style=\" text-align: center;\">\n\t\t<p  style=\"\">Distributors<\/p>\n\t\t<h2 style=\" font-style: normal;\">Internacionals<\/h2>\n\t<\/div> <div class=\"vc_row wpb_row vc_inner vc_row-fluid\"><div class=\"wpb_column vc_column_container vc_col-sm-3\"><div class=\"vc_column-inner\"><div class=\"wpb_wrapper\">\n\t<div class=\"txt_distributors\">\n\t\t<h1>WINE4U<\/h1>\n\t\t<div class=\"txt_address\" ><p>Luxemburgo<\/p>\n<\/div>\n\t\t<p><i class=\"fas fa-phone-square\"><\/i>+352 691 199 682<\/br><\/p>\n\t\t<p ><i class=\"fas fa-envelope-open-text\"><\/i>wine4u-douro@outlook.com<\/p>\n\t<p ><i class=\"fas fa-globe\"><\/i><a href=\"https:\/\/wine4u.lu\/\"target=\"blank\">https:\/\/wine4u.lu\/<\/a><\/p>\n\t<\/div> <\/div><\/div><\/div><div class=\"wpb_column vc_column_container vc_col-sm-3\"><div class=\"vc_column-inner\"><div class=\"wpb_wrapper\"><\/div><\/div><\/div><div class=\"wpb_column vc_column_container vc_col-sm-3\"><div class=\"vc_column-inner\"><div class=\"wpb_wrapper\"><\/div><\/div><\/div><div class=\"wpb_column vc_column_container vc_col-sm-3\"><div class=\"vc_column-inner\"><div class=\"wpb_wrapper\"><\/div><\/div><\/div><\/div><\/div><\/div><\/div><\/div><div class=\"vc_row-full-width vc_clearfix\"><\/div>\n<\/section>","protected":false},"excerpt":{"rendered":"Distributors National WineExpert &amp; Gourmet F\u00f3rum Terceira, Avenida Pa\u00e7o do Milhafre Praia da Vit\u00f3ria, A\u00e7ores (+351) 910288667(Call to national fixed network) apoiocliente@wineexpert.pt https:\/\/wineexpert.pt\/ Stbaga Praceta Germano Madeira n\u00ba29 2910-511 Set\u00fabal<br class=\"read-more-spacer\"> <a class=\"more-link\" href=\"https:\/\/firmawinery.com\/en\/distributors\/\">Read More<\/a>","protected":false},"author":1,"featured_media":0,"parent":0,"menu_order":0,"comment_status":"closed","ping_status":"closed","template":"page-map.php","meta":{"_acf_changed":false,"footnotes":""},"class_list":["post-3002","page","type-page","status-publish","hentry"],"acf":[],"_links":{"self":[{"href":"https:\/\/firmawinery.com\/en\/wp-json\/wp\/v2\/pages\/3002","targetHints":{"allow":["GET"]}}],"collection":[{"href":"https:\/\/firmawinery.com\/en\/wp-json\/wp\/v2\/pages"}],"about":[{"href":"https:\/\/firmawinery.com\/en\/wp-json\/wp\/v2\/types\/page"}],"author":[{"embeddable":true,"href":"https:\/\/firmawinery.com\/en\/wp-json\/wp\/v2\/users\/1"}],"replies":[{"embeddable":true,"href":"https:\/\/firmawinery.com\/en\/wp-json\/wp\/v2\/comments?post=3002"}],"version-history":[{"count":0,"href":"https:\/\/firmawinery.com\/en\/wp-json\/wp\/v2\/pages\/3002\/revisions"}],"wp:attachment":[{"href":"https:\/\/firmawinery.com\/en\/wp-json\/wp\/v2\/media?parent=3002"}],"curies":[{"name":"wp","href":"https:\/\/api.w.org\/{rel}","templated":true}]}}