{"id":3005,"date":"2023-07-26T16:49:56","date_gmt":"2023-07-26T16:49:56","guid":{"rendered":"https:\/\/firmawinery.com\/?page_id=3005"},"modified":"2024-03-13T21:25:23","modified_gmt":"2024-03-13T21:25:23","slug":"privacy-policy","status":"publish","type":"page","link":"https:\/\/firmawinery.com\/en\/privacy-policy\/","title":{"rendered":"Privacy Policy"},"content":{"rendered":"<section class=\"wpb-content-wrapper\"><div class=\"vc_row wpb_row vc_row-fluid vc_custom_1710365104758\"><div class=\"wpb_column vc_column_container vc_col-sm-12\"><div class=\"vc_column-inner\"><div class=\"wpb_wrapper\">\n\t<div class=\"wpb_text_column wpb_content_element  txt_disclaimers\" >\n\t\t<div class=\"wpb_wrapper\">\n\t\t\t<h1 style=\"text-align: center;\">WHO IS RESPONSIBLE FOR THE PROCESSING OF YOUR DATA<\/h1>\n<p>The entity responsible for processing personal data is Firma, Viticultores &amp; Vinicultores, Lda.<br \/>\nFirma, Viticultores &amp; Vinicultores, Lda has formally appointed a Data Protection Officer, who can be contacted through the following communication channel: geral@firmawinery.com<\/p>\n<p>&nbsp;<\/p>\n<h1 style=\"text-align: center;\">PRIVACY STATEMENT<\/h1>\n<p>We appreciate your interest in our website (https:\/\/firmawinery.com\/) and sub-domains (e.g. blog or other sub-domains, covered in this statement). We value your privacy and respect the confidentiality of the personal data you have provided us and\/or will provide in the future<br \/>\nThis Privacy Statement is an integral part of the Terms of Use of the Firma, Viticultores &amp; Vinicultores, Lda website (and all its sub-domains) and regulates the possible collection and processing of personal data provided by users in any part of the website , as well as the exercise of your rights in relation to this data, in accordance with the Personal Data Protection Law in force.<br \/>\nAny hyperlinks to websites external to Firma, Viticultores &amp; Vinicultores, Lda are not covered by this privacy statement.<br \/>\nWe recommend reading the privacy and data confidentiality policies of these websites, as we cannot be responsible for their privacy practices.<\/p>\n<p>&nbsp;<\/p>\n<h1 style=\"text-align: center;\">WHEN AND HOW WE COLLECT YOUR DATA<\/h1>\n<p>Firma, Viticultores &amp; Vinicultores, Lda guarantees its visitors respect for their privacy. Visiting this website, in itself, does not automatically imply the recording of any personal data that identifies the user, except through their IP address and the storage of temporary files, also known as cookies, which allow us to collect information about your equipment&#8217;s hardware and your interactions with our website. This information helps us to continually improve the content and functionality of our website, improving your user experience. To do this, we analyze data such as the type of equipment used, geographic location, number of visitors and behavior on each web page. These cookies also serve to remember previous access. You can, at any time, delete cookies or prohibit them from being stored on your computer. Check your browser settings for this purpose. If you do not agree to this collection of data and cookie files, you can access our website incognito (private) mode, to maintain your complete anonymity. Most modern browsers support this mode. By doing so, the visitor acknowledges that certain features may not work. If you wish to download certain content, subscribe to the newsletter, register for training or events, you will be presented with a personal data collection form. The provision of this data is voluntary, and is requested as we believe it is useful so that we can provide a better quality service. There is no need to share any unwanted information. If you complete any of the forms available for the purposes described above, we rely on your active consent for their activation and use. You can unsubscribe from these services at any time.<\/p>\n<p>&nbsp;<\/p>\n<h1 style=\"text-align: center;\">FOR WHAT PURPOSES DO WE PROCESS YOUR PERSONAL DATA<\/h1>\n<p>At Firma, Viticultores &amp; Vinicultores, Lda we process your personal data to achieve the following purposes: Process, maintain, develop, manage and control relationships between you and Firma, Viticultores &amp; Vinicultores, Lda; For the creation of profiles through marketing and technical studies, statistical and segmentation procedures that allow improvements and the choice of product and service offers suited to your characteristics and needs; To send advertising, promotions or other information that may be of interest to you, via post, e-mail, SMS and other means of electronic communication from Firma, Viticultores &amp; Vinicultores, Lda.<\/p>\n<p>&nbsp;<\/p>\n<h1 style=\"text-align: center;\">HOW LONG DO WE KEEP YOUR DATA<\/h1>\n<p>Personal data will be maintained whenever your right to delete them has not been exercised, taking into account the legal deadlines that result from each case and respective purpose.<\/p>\n<p>&nbsp;<\/p>\n<h1 style=\"text-align: center;\">HOW CAN YOU GET ACCESS TO THE DATA COLLECTED<\/h1>\n<p>Under the terms provided for by law, the user is guaranteed, at any time, the right to access, update and rectify their personal data, as well as the right to object to their processing or availability on the website, upon request addressed to Firma, Viticultores &amp; Vinicultores, Lda, formalized by the indicated email (geral@firmawinery.com). It will be necessary to prove the identity of the person exercising their rights by sending a copy of their identification document, passport or equivalent document.<br \/>\nFirma, Viticultores &amp; Vinicultores, Lda will provide you with the requested information within a maximum period of 30<\/p>\n<p>&nbsp;<\/p>\n<h1 style=\"text-align: center;\">ALTERA\u00c7\u00d5ES \u00c0 POL\u00cdTICA DE PRIVACIDADE<\/h1>\n<p>A Firma, Viticultores &amp; Vinicultores, Lda reserva-se ao direito de, a todo o momento e sem aviso pr\u00e9vio e com efeitos imediatos, alterar, acrescentar ou revogar, parcial ou totalmente, a presente Pol\u00edtica de Privacidade. Quaisquer altera\u00e7\u00f5es ser\u00e3o imediatamente divulgadas nesta mesma p\u00e1gina web, pelo que recomendamos a visita peri\u00f3dica, de forma a ficar a par da vers\u00e3o mais recente. Se tiver quaisquer d\u00favidas ou quest\u00f5es sobre a forma como a Firma, Viticultores &amp; Vinicultores, Lda procede ao tratamento dos seus dados pessoais, por favor envie-nos o seu pedido de esclarecimento atrav\u00e9s do email geral@firmawinery.com.<\/p>\n<p class=\"txt_disclaimers_notes\">Pol\u00edtica de privacidade atualizada em Novembro de 2023.<\/p>\n\n\t\t<\/div>\n\t<\/div>\n<\/div><\/div><\/div><\/div>\n<\/section>","protected":false},"excerpt":{"rendered":"WHO IS RESPONSIBLE FOR THE PROCESSING OF YOUR DATA The entity responsible for processing personal data is Firma, Viticultores &amp; Vinicultores, Lda. Firma, Viticultores &amp; Vinicultores, Lda has formally appointed<br class=\"read-more-spacer\"> <a class=\"more-link\" href=\"https:\/\/firmawinery.com\/en\/privacy-policy\/\">Read More<\/a>","protected":false},"author":1,"featured_media":0,"parent":0,"menu_order":0,"comment_status":"closed","ping_status":"closed","template":"page-simple.php","meta":{"_acf_changed":false,"footnotes":""},"class_list":["post-3005","page","type-page","status-publish","hentry"],"acf":[],"_links":{"self":[{"href":"https:\/\/firmawinery.com\/en\/wp-json\/wp\/v2\/pages\/3005","targetHints":{"allow":["GET"]}}],"collection":[{"href":"https:\/\/firmawinery.com\/en\/wp-json\/wp\/v2\/pages"}],"about":[{"href":"https:\/\/firmawinery.com\/en\/wp-json\/wp\/v2\/types\/page"}],"author":[{"embeddable":true,"href":"https:\/\/firmawinery.com\/en\/wp-json\/wp\/v2\/users\/1"}],"replies":[{"embeddable":true,"href":"https:\/\/firmawinery.com\/en\/wp-json\/wp\/v2\/comments?post=3005"}],"version-history":[{"count":0,"href":"https:\/\/firmawinery.com\/en\/wp-json\/wp\/v2\/pages\/3005\/revisions"}],"wp:attachment":[{"href":"https:\/\/firmawinery.com\/en\/wp-json\/wp\/v2\/media?parent=3005"}],"curies":[{"name":"wp","href":"https:\/\/api.w.org\/{rel}","templated":true}]}}