{"id":1690,"date":"2024-01-01T00:04:03","date_gmt":"2024-01-01T00:04:03","guid":{"rendered":"https:\/\/firmawinery.com\/?post_type=product&#038;p=1690"},"modified":"2024-02-14T09:59:49","modified_gmt":"2024-02-14T09:59:49","slug":"firmamento-tinto-2020","status":"publish","type":"product","link":"https:\/\/firmawinery.com\/en\/product\/firmamento-tinto-2020\/","title":{"rendered":"FIRMAMENTO TINTO 2020"},"content":{"rendered":"<section class=\"wpb-content-wrapper\"><div class=\"vc_row wpb_row vc_row-fluid vc_custom_1704727048753\"><div class=\"wpb_column vc_column_container vc_col-sm-12\"><div class=\"vc_column-inner\"><div class=\"wpb_wrapper\">\n\t<div class=\"accordion-tabs-content\">\n\t\t<p class=\"content-caste\"><span class=\"title-caste\">Grape Variety: <\/span>Touriga Nacional, Touriga Franca e Sous\u00e3o<br \/>\n<\/p>\n\t\t<p class=\"description\">Mistura de v\u00e1rias parcelas de vinha em Ervedosa do Douro e Valongo dos Azeites.<br \/>\nAltitude das vinhas: Parcelas com altitude acima dos 500m que potenciam um perfil fresco e arom\u00e1tico<br \/>\nPisa mec\u00e2nica em lagar de granito<br \/>\nDurante 2 dias s\u00e3o promovidas a macera\u00e7\u00e3o e o in\u00edcio de fermenta\u00e7\u00e3o em lagar de granito.<br \/>\nO lote estagia 30 % em barricas de carvalho franc\u00eas de 225L durante 18 meses e, estagia 7-8 meses em garrafa<\/p>\n\t<ul> \n\t<li> \n\t<input type=\"checkbox\" checked> \n\t<i class=\"arrow\"><\/i> \n\t\t<h2>Vinification<\/h2>\n\t\t<p>Vindima manual em pequenas caixas sendo feita uma sele\u00e7\u00e3o criteriosa na vinha e \u00e0 entrada da adega, seguida de uma pisa mec\u00e2nica em lagar de granito e, durante 2 dias s\u00e3o promovidas a macera\u00e7\u00e3o e o in\u00edcio de fermenta\u00e7\u00e3o. O lote estagia 30 % em barricas de carvalho franc\u00eas de 225L durante 18 meses e, estagia 7-8 meses em garrafa para o blend perfeito.<\/p>\n\t<\/li> \n\t<li> \n\t<input type=\"checkbox\" checked> \n\t<i class=\"arrow\"><\/i> \n\t\t<h2>Tasting Notes<\/h2>\n\t\t<p>O nariz com um car\u00e1cter harmonioso, complexo e elegante assume notas de fruta vermelha misturando-se com ligeiras nuances florais e algumas notas de urze. Na boca assume uma frescura e complexidade, evidenciando-se os taninos de forma elegante.<br \/>\nO vinho tem um final de boca longo e suave.<\/p>\n\t<\/li> \n\t<li> \n\t<input type=\"checkbox\" checked> \n\t<i class=\"arrow\"><\/i> \n\t\t<h2>Harmonization<\/h2>\n\t\t<p>A sua harmoniza\u00e7\u00e3o \u00e9 ideal com queijos e carnes vermelhas, embora pouco condimentadas. Deve ser decantado 1 hora antes de ser servido, a uma temperatura de 17 - 18\u00ba C .<\/p>\n\t<\/li> \n\t<\/ul> \n\t<\/div> <\/div><\/div><\/div><\/div>\n<\/section>","protected":false},"excerpt":{"rendered":"Grape Variety: Touriga Nacional, Touriga Franca e Sous\u00e3o Mistura de v\u00e1rias parcelas de vinha em Ervedosa do Douro e Valongo dos Azeites. Altitude das vinhas: Parcelas com altitude acima dos<br class=\"read-more-spacer\"> <a class=\"more-link\" href=\"https:\/\/firmawinery.com\/en\/product\/firmamento-tinto-2020\/\">Read More<\/a>","protected":false},"featured_media":1793,"comment_status":"closed","ping_status":"closed","template":"","meta":{"_acf_changed":false},"product_brand":[],"product_cat":[51,29,45],"product_tag":[],"class_list":{"0":"post-1690","1":"product","2":"type-product","3":"status-publish","4":"has-post-thumbnail","6":"product_cat-douro","7":"product_cat-tintos","8":"product_cat-vinhos","10":"first","11":"instock","12":"shipping-taxable","13":"purchasable","14":"product-type-simple"},"acf":[],"_links":{"self":[{"href":"https:\/\/firmawinery.com\/en\/wp-json\/wp\/v2\/product\/1690","targetHints":{"allow":["GET"]}}],"collection":[{"href":"https:\/\/firmawinery.com\/en\/wp-json\/wp\/v2\/product"}],"about":[{"href":"https:\/\/firmawinery.com\/en\/wp-json\/wp\/v2\/types\/product"}],"replies":[{"embeddable":true,"href":"https:\/\/firmawinery.com\/en\/wp-json\/wp\/v2\/comments?post=1690"}],"wp:featuredmedia":[{"embeddable":true,"href":"https:\/\/firmawinery.com\/en\/wp-json\/wp\/v2\/media\/1793"}],"wp:attachment":[{"href":"https:\/\/firmawinery.com\/en\/wp-json\/wp\/v2\/media?parent=1690"}],"wp:term":[{"taxonomy":"product_brand","embeddable":true,"href":"https:\/\/firmawinery.com\/en\/wp-json\/wp\/v2\/product_brand?post=1690"},{"taxonomy":"product_cat","embeddable":true,"href":"https:\/\/firmawinery.com\/en\/wp-json\/wp\/v2\/product_cat?post=1690"},{"taxonomy":"product_tag","embeddable":true,"href":"https:\/\/firmawinery.com\/en\/wp-json\/wp\/v2\/product_tag?post=1690"}],"curies":[{"name":"wp","href":"https:\/\/api.w.org\/{rel}","templated":true}]}}