{"id":1786,"date":"2023-01-01T00:01:32","date_gmt":"2023-01-01T00:01:32","guid":{"rendered":"https:\/\/firmawinery.com\/?post_type=product&#038;p=1786"},"modified":"2024-01-08T21:02:37","modified_gmt":"2024-01-08T21:02:37","slug":"azeite-virgem-extra-firmamento","status":"publish","type":"product","link":"https:\/\/firmawinery.com\/en\/product\/azeite-virgem-extra-firmamento\/","title":{"rendered":"AZEITE VIRGEM EXTRA FIRMAMENTO"},"content":{"rendered":"<section class=\"wpb-content-wrapper\"><div class=\"vc_row wpb_row vc_row-fluid\"><div class=\"wpb_column vc_column_container vc_col-sm-12\"><div class=\"vc_column-inner\"><div class=\"wpb_wrapper\">\n\t<div class=\"accordion-tabs-content\">\n\t\t<p class=\"description\">O azeite FIRMAMENTO nasce nas encostas do Douro, proveniente de olival centen\u00e1rio, revelando um car\u00e1ter \u00fanico. Com o acompanhamento do azeit\u00f3logo da F\u00e1brica Douro cada etapa do processo de produ\u00e7\u00e3o do azeite \u00e9 aprimorada.<br \/>\nProcesso de extra\u00e7\u00e3o a frio, com uma temperatura controlada inferior a 27\u00baC. No fim do processo produtivo ocorre um per\u00edodo de decanta\u00e7\u00e3o de cerca de 3 a 4 meses para garantir que as caracter\u00edsticas organol\u00e9ticas sofram altera\u00e7\u00f5es reduzidas. <\/p>\n\t<ul> \n\t<li> \n\t<input type=\"checkbox\" checked> \n\t<i class=\"arrow\"><\/i> \n\t\t<h2>Region<\/h2>\n\t\t<p>Douro<\/p>\n\t<\/li> \n\t<li> \n\t<input type=\"checkbox\" checked> \n\t<i class=\"arrow\"><\/i> \n\t\t<h2>Type<\/h2>\n\t\t<p> Extra Virgin<\/p>\n\t<\/li> \n\t<li> \n\t<input type=\"checkbox\" checked> \n\t<i class=\"arrow\"><\/i> \n\t\t<h2>Variety<\/h2>\n\t\t<p>Cobran\u00e7osa, Verdeal e Madural<\/p>\n\t<\/li> \n\t<li> \n\t<input type=\"checkbox\" checked> \n\t<i class=\"arrow\"><\/i> \n\t\t<h2>Olival Area<\/h2>\n\t\t<p>10ha <\/p>\n\t<\/li> \n\t<li> \n\t<input type=\"checkbox\" checked> \n\t<i class=\"arrow\"><\/i> \n\t\t<h2>Age<\/h2>\n\t\t<p>Olival Tradicional <\/p>\n\t<\/li> \n\t<li> \n\t<input type=\"checkbox\" checked> \n\t<i class=\"arrow\"><\/i> \n\t\t<h2>Soil<\/h2>\n\t\t<p>Xistoso<\/p>\n\t<\/li> \n\t<\/ul> \n\t<\/div> <\/div><\/div><\/div><\/div>\n<\/section>","protected":false},"excerpt":{"rendered":"O azeite FIRMAMENTO nasce nas encostas do Douro, proveniente de olival centen\u00e1rio, revelando um car\u00e1ter \u00fanico. Com o acompanhamento do azeit\u00f3logo da F\u00e1brica Douro cada etapa do processo de produ\u00e7\u00e3o<br class=\"read-more-spacer\"> <a class=\"more-link\" href=\"https:\/\/firmawinery.com\/en\/product\/azeite-virgem-extra-firmamento\/\">Read More<\/a>","protected":false},"featured_media":1791,"comment_status":"closed","ping_status":"closed","template":"","meta":{"_acf_changed":false},"product_brand":[],"product_cat":[49,50],"product_tag":[],"class_list":{"0":"post-1786","1":"product","2":"type-product","3":"status-publish","4":"has-post-thumbnail","6":"product_cat-azeites","7":"product_cat-destaques-azeites","9":"first","10":"instock","11":"shipping-taxable","12":"product-type-simple"},"acf":[],"_links":{"self":[{"href":"https:\/\/firmawinery.com\/en\/wp-json\/wp\/v2\/product\/1786","targetHints":{"allow":["GET"]}}],"collection":[{"href":"https:\/\/firmawinery.com\/en\/wp-json\/wp\/v2\/product"}],"about":[{"href":"https:\/\/firmawinery.com\/en\/wp-json\/wp\/v2\/types\/product"}],"replies":[{"embeddable":true,"href":"https:\/\/firmawinery.com\/en\/wp-json\/wp\/v2\/comments?post=1786"}],"wp:featuredmedia":[{"embeddable":true,"href":"https:\/\/firmawinery.com\/en\/wp-json\/wp\/v2\/media\/1791"}],"wp:attachment":[{"href":"https:\/\/firmawinery.com\/en\/wp-json\/wp\/v2\/media?parent=1786"}],"wp:term":[{"taxonomy":"product_brand","embeddable":true,"href":"https:\/\/firmawinery.com\/en\/wp-json\/wp\/v2\/product_brand?post=1786"},{"taxonomy":"product_cat","embeddable":true,"href":"https:\/\/firmawinery.com\/en\/wp-json\/wp\/v2\/product_cat?post=1786"},{"taxonomy":"product_tag","embeddable":true,"href":"https:\/\/firmawinery.com\/en\/wp-json\/wp\/v2\/product_tag?post=1786"}],"curies":[{"name":"wp","href":"https:\/\/api.w.org\/{rel}","templated":true}]}}