{"id":3239,"date":"2024-03-19T16:36:16","date_gmt":"2024-03-19T16:36:16","guid":{"rendered":"https:\/\/firmawinery.com\/?post_type=product&#038;p=3239"},"modified":"2024-03-25T17:00:27","modified_gmt":"2024-03-25T17:00:27","slug":"firmado-branco-2022","status":"publish","type":"product","link":"https:\/\/firmawinery.com\/en\/product\/firmado-branco-2022\/","title":{"rendered":"FIRMADO BRANCO 2022"},"content":{"rendered":"<section class=\"wpb-content-wrapper\"><div class=\"vc_row wpb_row vc_row-fluid vc_custom_1704723379491\"><div class=\"wpb_column vc_column_container vc_col-sm-12\"><div class=\"vc_column-inner\"><div class=\"wpb_wrapper\">\n\t<div class=\"accordion-tabs-content\">\n\t\t<p class=\"content-caste\"><span class=\"title-caste\">Grape Variety: <\/span>Rabigato, Arinto e Gouveio<\/p>\n\t\t<p class=\"description\">Vinha com idade superior a 25 anos. Altitude das vinhas: altitude acima de 500 metros conferindo-lhe frescura e nervo.<br \/>\n<\/p>\n\t<ul> \n\t<li> \n\t<input type=\"checkbox\" checked> \n\t<i class=\"arrow\"><\/i> \n\t\t<h2>Vinification<\/h2>\n\t\t<p>A vindima \u00e9 feita em caixas de 12 kg.<br \/>\nArrefecimento da uva por forma a preservar toda a pureza arom\u00e1tica das castas. Desengate total. Prensagem suave. Vinho fermentado e estagiado durante 9 meses em barrica de carvalho franc\u00eas de 500L com ligeira b\u00e2tonnage nos primeiros 3 meses para promover uma maior suavidade e estrutura no vinho. Posterior est\u00e1gio de 9 meses em garrafa para uma perfeita harmoniza\u00e7\u00e3o do vinho.<\/p>\n\t<\/li> \n\t<li> \n\t<input type=\"checkbox\" checked> \n\t<i class=\"arrow\"><\/i> \n\t\t<h2>Tasting Notes<\/h2>\n\t\t<p>Nariz muito complexo com fruta vincada (tangerina, toranja, pera, anan\u00e1s), frutos secos (noz, am\u00eandoa), mineral (p\u00f3lvora, notas doces (canela, gengibre) e ligeira baunilha. Na boca destaca-se a defini\u00e7\u00e3o da p\u00eara, frutos secos mantendo a baunilha. Ligeiro tanino delicado que adiciona untuosidade e envolv\u00eancia de boca. Termina longo e persistente com uma acidez franca e salivante.<\/p>\n\t<\/li> \n\t<li> \n\t<input type=\"checkbox\" checked> \n\t<i class=\"arrow\"><\/i> \n\t\t<h2>Harmonization<\/h2>\n\t\t<p>Vinho complexo que pela sua persist\u00eancia e untuosidade e pela sua acidez cobre um largo espectro de pratos. Acompanhar com mariscos grelhados, risotos, carnes brancas grelhadas, queijos de pasta mole.<br \/>\nTemperatura de servi\u00e7o ideal de 10 \u2013 12 o C.<\/p>\n\t<\/li> \n\t<\/ul> \n\t<\/div> <\/div><\/div><\/div><\/div>\n<\/section>","protected":false},"excerpt":{"rendered":"Grape Variety: Rabigato, Arinto e Gouveio Vinha com idade superior a 25 anos. Altitude das vinhas: altitude acima de 500 metros conferindo-lhe frescura e nervo. Vinification A vindima \u00e9 feita<br class=\"read-more-spacer\"> <a class=\"more-link\" href=\"https:\/\/firmawinery.com\/en\/product\/firmado-branco-2022\/\">Read More<\/a>","protected":false},"featured_media":3244,"comment_status":"closed","ping_status":"closed","template":"","meta":{"_acf_changed":false},"product_brand":[],"product_cat":[31,51],"product_tag":[],"class_list":{"0":"post-3239","1":"product","2":"type-product","3":"status-publish","4":"has-post-thumbnail","6":"product_cat-brancos","7":"product_cat-douro","9":"first","10":"instock","11":"shipping-taxable","12":"purchasable","13":"product-type-simple"},"acf":[],"_links":{"self":[{"href":"https:\/\/firmawinery.com\/en\/wp-json\/wp\/v2\/product\/3239","targetHints":{"allow":["GET"]}}],"collection":[{"href":"https:\/\/firmawinery.com\/en\/wp-json\/wp\/v2\/product"}],"about":[{"href":"https:\/\/firmawinery.com\/en\/wp-json\/wp\/v2\/types\/product"}],"replies":[{"embeddable":true,"href":"https:\/\/firmawinery.com\/en\/wp-json\/wp\/v2\/comments?post=3239"}],"wp:featuredmedia":[{"embeddable":true,"href":"https:\/\/firmawinery.com\/en\/wp-json\/wp\/v2\/media\/3244"}],"wp:attachment":[{"href":"https:\/\/firmawinery.com\/en\/wp-json\/wp\/v2\/media?parent=3239"}],"wp:term":[{"taxonomy":"product_brand","embeddable":true,"href":"https:\/\/firmawinery.com\/en\/wp-json\/wp\/v2\/product_brand?post=3239"},{"taxonomy":"product_cat","embeddable":true,"href":"https:\/\/firmawinery.com\/en\/wp-json\/wp\/v2\/product_cat?post=3239"},{"taxonomy":"product_tag","embeddable":true,"href":"https:\/\/firmawinery.com\/en\/wp-json\/wp\/v2\/product_tag?post=3239"}],"curies":[{"name":"wp","href":"https:\/\/api.w.org\/{rel}","templated":true}]}}